{"id":2,"date":"2022-02-18T16:44:24","date_gmt":"2022-02-18T16:44:24","guid":{"rendered":"https:\/\/praca.group\/?page_id=2"},"modified":"2023-04-13T09:12:03","modified_gmt":"2023-04-13T09:12:03","slug":"sample-page","status":"publish","type":"page","link":"https:\/\/praca.group\/","title":{"rendered":"Sample Page"},"content":{"rendered":"<section class=\"l-section wpb_row us_custom_f01612d9 height_auto color_primary with_shape\"><div class=\"l-section-shape type_triangle-2 pos_bottom\" style=\"height:20vh;\"><svg xmlns=\"http:\/\/www.w3.org\/2000\/svg\" viewBox=\"0 0 64 8\" preserveAspectRatio=\"none\" width=\"100%\" height=\"100%\">\r\n\t<path fill=\"currentColor\" d=\"M64 8 L0 8 L0 0 L48 7.9 L64 0 Z\"\/>\r\n<\/svg><\/div><div class=\"l-section-h i-cf\"><div class=\"g-cols vc_row via_grid cols_2 laptops-cols_inherit tablets-cols_1 mobiles-cols_1 valign_top type_default stacking_default\" style=\"grid-gap:0rem;\"><div class=\"wpb_column vc_column_container us_custom_43292ea5 hide_on_tablets hide_on_mobiles\"><div class=\"vc_column-inner\"><div class=\"w-separator size_custom\" style=\"height:3.3vmax\" id=\"mb4a\"><style>@media(max-width:984px){ #mb4a{height:7vmax!important}}@media(max-width:584px){ #mb4a{height:7vmax!important}}<\/style><\/div><div class=\"w-image us_custom_e18aed1d has_ratio align_none\"><div class=\"w-image-h\"><div style=\"padding-bottom:100%\"><\/div><img width=\"1024\" height=\"683\" src=\"https:\/\/praca.group\/wp-content\/uploads\/2023\/04\/AdobeStock_220495590-1024x683.jpeg\" class=\"attachment-large size-large\" alt=\"\" decoding=\"async\" loading=\"lazy\" srcset=\"https:\/\/praca.group\/wp-content\/uploads\/2023\/04\/AdobeStock_220495590-1024x683.jpeg 1024w, https:\/\/praca.group\/wp-content\/uploads\/2023\/04\/AdobeStock_220495590-300x200.jpeg 300w\" sizes=\"(max-width: 1024px) 100vw, 1024px\" \/><\/div><\/div><div class=\"w-separator size_custom\" style=\"height:3.3vmax\" id=\"y564\"><style>@media(max-width:984px){ #y564{height:7vmax!important}}@media(max-width:584px){ #y564{height:7vmax!important}}<\/style><\/div><\/div><\/div><div class=\"wpb_column vc_column_container\"><div class=\"vc_column-inner\"><div class=\"w-separator size_custom\" style=\"height:3.3vmax\" id=\"v666\"><style>@media(max-width:984px){ #v666{height:7vmax!important}}@media(max-width:584px){ #v666{height:7vmax!important}}<\/style><\/div><h1 class=\"w-text\"><span class=\"w-text-h\"><span class=\"w-text-value\">CRYSTLY<br \/>\nAgencja<br \/>\nZatrudnienia<br \/>\nObcokrajowc\u00f3w<\/span><\/span><\/h1><div class=\"w-separator size_custom\" style=\"height:10px\"><\/div><div class=\"w-text us_custom_8aaa30f1\"><span class=\"w-text-h\"><span class=\"w-text-value\">Doradztwo i profesjonalna opieka w zakresie zatrudnienia cudzoziemc\u00f3w w Polsce<\/span><\/span><\/div><div class=\"w-separator size_custom\" style=\"height:3.3vmax\"><\/div><div class=\"w-btn-wrapper align_left\"><a class=\"w-btn us-btn-style_2\" href=\"tel:+48733468668\"><span class=\"w-btn-label\">OTRZYMAJ BEZP\u0141ATN\u0104 KONSULTACJ\u0118<\/span><\/a><\/div><div class=\"w-separator size_custom\" style=\"height:5.3vmax\"><\/div><div class=\"w-separator size_custom\" style=\"height:5.3vmax\"><\/div><\/div><\/div><\/div><\/div><\/section><section class=\"l-section wpb_row height_auto with_shape\"><div class=\"l-section-shape type_custom pos_top\" style=\"height:7.30vmax;color:var(--color-content-bg-alt)\"><svg xmlns=\"http:\/\/www.w3.org\/2000\/svg\" viewBox=\"0 0 64 8\" preserveAspectRatio=\"none\" width=\"100%\" height=\"100%\">\r\n\t<path fill=\"currentColor\" d=\"M64 8 L0 8 L0 0 L64 0 Z\"\/>\r\n<\/svg><\/div><div class=\"l-section-h i-cf\"><div class=\"g-cols vc_row via_grid cols_1 laptops-cols_inherit tablets-cols_inherit mobiles-cols_1 valign_top type_default stacking_default\" style=\"grid-gap:0rem;\"><div class=\"wpb_column vc_column_container us_custom_2338ea73\"><div class=\"vc_column-inner\"><div class=\"g-cols wpb_row via_grid cols_1-2 laptops-cols_inherit tablets-cols_1 mobiles-cols_1 valign_top type_default stacking_default\" style=\"grid-gap:0rem;\"><div class=\"wpb_column vc_column_container us_custom_4a126495 has_text_color has_bg_color\"><div class=\"vc_column-inner\"><h2 class=\"w-text\"><span class=\"w-text-h\"><span class=\"w-text-value\">Dlaczego nasi klienci wybieraj\u0105 Crystly<\/span><\/span><\/h2><div class=\"wpb_text_column\"><div class=\"wpb_wrapper\"><p>Zajmujemy si\u0119 obs\u0142ug\u0105 czynno\u015bci zatrudnienia, z kt\u00f3rymi mo\u017ce spotka\u0107 si\u0119 cudzoziemiec po przeprowadzce do Polski. Cz\u0119sto bariera j\u0119zykowa i biurokracja organ\u00f3w pa\u0144stwowych stwarza dodatkowe bariery w otrzymaniu pozytywnej decyzji w zatrudnieniu. Organizujemy wszystkie formalno\u015bci zwi\u0105zane z zatrudnienia.<\/p>\n<\/div><\/div><\/div><\/div><div class=\"wpb_column vc_column_container us_custom_e0e37c3a has_bg_color\"><div class=\"vc_column-inner\"><h3 class=\"w-text us_custom_eb849559\"><span class=\"w-text-h\"><span class=\"w-text-value\">Otrzymaj bezp\u0142atn\u0105 konsultacj\u0119<\/span><\/span><\/h3><div class=\"wpb_text_column us_custom_83a03b96 has_text_color\"><div class=\"wpb_wrapper\"><p>Dowiedz si\u0119, jak mo\u017cemy Ci pom\u00f3c<\/p>\n<\/div><\/div><div class=\"w-btn-wrapper align_center\"><a class=\"w-btn us-btn-style_1 us_custom_6d0634a9\" href=\"tel:=48733468668\"><span class=\"w-btn-label\">Kontakt<\/span><\/a><\/div><div class=\"w-separator size_huge\"><\/div><\/div><\/div><\/div><\/div><\/div><\/div><\/div><\/section><section class=\"l-section wpb_row height_medium\"><div class=\"l-section-h i-cf\"><div class=\"g-cols vc_row via_grid cols_1 laptops-cols_inherit tablets-cols_inherit mobiles-cols_1 valign_top type_default stacking_default\"><div class=\"wpb_column vc_column_container\"><div class=\"vc_column-inner\"><div class=\"wpb_text_column\"><div class=\"wpb_wrapper\"><p style=\"text-align: center;\">Nasz adres:<\/p>\n<p style=\"text-align: center;\">ul. K\u0105cik 2\/10, 30-549 Krak\u00f3w<\/p>\n<p style=\"text-align: center;\">tel.\u00a0733 468 668<\/p>\n<p style=\"text-align: center;\">Zapraszamy<\/p>\n<\/div><\/div><\/div><\/div><\/div><\/div><\/section>\n","protected":false},"excerpt":{"rendered":"CRYSTLY Agencja Zatrudnienia Obcokrajowc\u00f3wDoradztwo i profesjonalna opieka w zakresie zatrudnienia cudzoziemc\u00f3w w PolsceOTRZYMAJ BEZP\u0141ATN\u0104 KONSULTACJ\u0118 Dlaczego nasi klienci wybieraj\u0105 CrystlyZajmujemy si\u0119 obs\u0142ug\u0105 czynno\u015bci zatrudnienia, z kt\u00f3rymi mo\u017ce spotka\u0107 si\u0119 cudzoziemiec po przeprowadzce do Polski. Cz\u0119sto bariera j\u0119zykowa i biurokracja organ\u00f3w pa\u0144stwowych stwarza dodatkowe bariery w otrzymaniu pozytywnej decyzji w zatrudnieniu. Organizujemy wszystkie formalno\u015bci zwi\u0105zane z...","protected":false},"author":1,"featured_media":0,"parent":0,"menu_order":0,"comment_status":"closed","ping_status":"open","template":"","meta":[],"acf":[],"_links":{"self":[{"href":"https:\/\/praca.group\/index.php?rest_route=\/wp\/v2\/pages\/2"}],"collection":[{"href":"https:\/\/praca.group\/index.php?rest_route=\/wp\/v2\/pages"}],"about":[{"href":"https:\/\/praca.group\/index.php?rest_route=\/wp\/v2\/types\/page"}],"author":[{"embeddable":true,"href":"https:\/\/praca.group\/index.php?rest_route=\/wp\/v2\/users\/1"}],"replies":[{"embeddable":true,"href":"https:\/\/praca.group\/index.php?rest_route=%2Fwp%2Fv2%2Fcomments&post=2"}],"version-history":[{"count":5,"href":"https:\/\/praca.group\/index.php?rest_route=\/wp\/v2\/pages\/2\/revisions"}],"predecessor-version":[{"id":20,"href":"https:\/\/praca.group\/index.php?rest_route=\/wp\/v2\/pages\/2\/revisions\/20"}],"wp:attachment":[{"href":"https:\/\/praca.group\/index.php?rest_route=%2Fwp%2Fv2%2Fmedia&parent=2"}],"curies":[{"name":"wp","href":"https:\/\/api.w.org\/{rel}","templated":true}]}}